{"id":230,"date":"2019-07-30T12:05:06","date_gmt":"2019-07-30T12:05:06","guid":{"rendered":"https:\/\/alraune.com\/contact\/"},"modified":"2023-04-28T10:58:25","modified_gmt":"2023-04-28T10:58:25","slug":"contact","status":"publish","type":"page","link":"https:\/\/alraune.com\/en\/contact\/","title":{"rendered":"contact"},"content":{"rendered":"<p>[et_pb_section fb_built=&#8221;1&#8243; admin_label=&#8221;Header&#8221; _builder_version=&#8221;4.16&#8243; background_image=&#8221;https:\/\/alraune.com\/wp-content\/uploads\/2019\/07\/art-gallery-55.jpg&#8221; background_size=&#8221;initial&#8221; background_repeat=&#8221;repeat&#8221; global_colors_info=&#8221;{}&#8221;][et_pb_row _builder_version=&#8221;4.16&#8243; use_custom_width=&#8221;on&#8221; width_unit=&#8221;off&#8221; custom_width_percent=&#8221;100%&#8221; locked=&#8221;off&#8221; global_colors_info=&#8221;{}&#8221;][et_pb_column type=&#8221;4_4&#8243; _builder_version=&#8221;4.16&#8243; custom_padding=&#8221;|||&#8221; global_colors_info=&#8221;{}&#8221; custom_padding__hover=&#8221;|||&#8221;][et_pb_text _builder_version=&#8221;4.16&#8243; text_font=&#8221;||||||||&#8221; header_font=&#8221;||||||||&#8221; header_3_text_color=&#8221;#000000&#8243; transform_translate_linked=&#8221;off&#8221; max_width=&#8221;100%&#8221; max_width_tablet=&#8221;70%&#8221; max_width_last_edited=&#8221;off|phone&#8221; global_colors_info=&#8221;{}&#8221;]<\/p>\n<h1>contact us<\/h1>\n<p>[\/et_pb_text][\/et_pb_column][\/et_pb_row][et_pb_row column_structure=&#8221;1_3,1_3,1_3&#8243; _builder_version=&#8221;4.16&#8243; use_custom_width=&#8221;on&#8221; width_unit=&#8221;off&#8221; custom_width_percent=&#8221;100%&#8221; locked=&#8221;off&#8221; global_colors_info=&#8221;{}&#8221;][et_pb_column type=&#8221;1_3&#8243; _builder_version=&#8221;4.16&#8243; custom_padding=&#8221;|||&#8221; global_colors_info=&#8221;{}&#8221; custom_padding__hover=&#8221;|||&#8221;][et_pb_text _builder_version=&#8221;4.16&#8243; text_font=&#8221;||||||||&#8221; text_line_height=&#8221;2em&#8221; link_font=&#8221;||||on||||&#8221; link_text_color=&#8221;#666666&#8243; header_font=&#8221;||||||||&#8221; header_text_align=&#8221;left&#8221; header_3_font=&#8221;|700||on|||||&#8221; max_width_tablet=&#8221;70%&#8221; max_width_last_edited=&#8221;off|phone&#8221; animation_style=&#8221;zoom&#8221; animation_intensity_zoom=&#8221;5%&#8221; header_3_font_size_last_edited=&#8221;off|desktop&#8221; global_colors_info=&#8221;{}&#8221;]<\/p>\n<h3>enquiries<\/h3>\n<p>ALRAUNE LAPIDARIES<br \/> Edelstein Handels GmbH<br \/> Parlerstr. 2<br \/> 73525 Schw\u00e4bisch Gm\u00fcnd \/ Germany<\/p>\n<p>Phone +49 (0) 7171-6 10 11<br \/> Fax +49 (0) 7171-3 71 20<\/p>\n<p>Email: <a href=\"mailto:info@alraune.com\">info@alraune.com<\/a><\/p>\n<p>Send your questions comfortably by Mail to our specialized personnel.<\/p>\n<p>[\/et_pb_text][\/et_pb_column][et_pb_column type=&#8221;1_3&#8243; _builder_version=&#8221;4.16&#8243; custom_padding=&#8221;|||&#8221; global_colors_info=&#8221;{}&#8221; custom_padding__hover=&#8221;|||&#8221;][et_pb_text _builder_version=&#8221;4.16&#8243; text_font=&#8221;||||||||&#8221; text_line_height=&#8221;2em&#8221; link_font=&#8221;||||on||||&#8221; link_text_color=&#8221;#666666&#8243; header_font=&#8221;||||||||&#8221; header_text_align=&#8221;left&#8221; header_3_font=&#8221;|700||on|||||&#8221; max_width_tablet=&#8221;70%&#8221; max_width_last_edited=&#8221;off|phone&#8221; animation_style=&#8221;zoom&#8221; animation_intensity_zoom=&#8221;5%&#8221; header_3_font_size_last_edited=&#8221;off|desktop&#8221; global_colors_info=&#8221;{}&#8221;]<\/p>\n<h3>administration<\/h3>\n<p>Peter Deininger-Grosse<br \/><a href=\"mailto:deininger@alraune.com\">deininger@alraune.com<\/a><\/p>\n<p>[\/et_pb_text][\/et_pb_column][et_pb_column type=&#8221;1_3&#8243; _builder_version=&#8221;4.16&#8243; custom_padding=&#8221;|||&#8221; global_colors_info=&#8221;{}&#8221; custom_padding__hover=&#8221;|||&#8221;][et_pb_text _builder_version=&#8221;4.16&#8243; text_font=&#8221;||||||||&#8221; text_line_height=&#8221;2em&#8221; link_font=&#8221;||||on||||&#8221; link_text_color=&#8221;#666666&#8243; header_font=&#8221;||||||||&#8221; header_text_align=&#8221;left&#8221; header_3_font=&#8221;|700||on|||||&#8221; max_width_tablet=&#8221;70%&#8221; max_width_last_edited=&#8221;off|phone&#8221; animation_style=&#8221;zoom&#8221; animation_intensity_zoom=&#8221;5%&#8221; header_3_font_size_last_edited=&#8221;off|desktop&#8221; global_colors_info=&#8221;{}&#8221;]<\/p>\n<h3>Distribution<\/h3>\n<p>Robertina G\u00f6cmen<br \/><a href=\"mailto:robertina@alraune.com\">robertina@alraune.com<\/a><\/p>\n<p>Katharina Stephan<br \/><a href=\"mailto:ziegler@alraune.com\">stephan@alraune.com<\/a><\/p>\n<p>Christine Klein<br \/><a href=\"mailto:c.klein@alraune.com\">c.klein@alraune.com<\/a><\/p>\n<p>[\/et_pb_text][\/et_pb_column][\/et_pb_row][\/et_pb_section][et_pb_section fb_built=&#8221;1&#8243; admin_label=&#8221;Email&#8221; _builder_version=&#8221;4.16&#8243; background_image=&#8221;https:\/\/alraune.com\/wp-content\/uploads\/2019\/07\/art-gallery-55.jpg&#8221; background_size=&#8221;initial&#8221; background_repeat=&#8221;repeat&#8221; locked=&#8221;off&#8221; global_colors_info=&#8221;{}&#8221;][et_pb_row column_structure=&#8221;1_2,1_2&#8243; _builder_version=&#8221;4.16&#8243; global_colors_info=&#8221;{}&#8221;][et_pb_column type=&#8221;1_2&#8243; _builder_version=&#8221;4.16&#8243; custom_padding=&#8221;|||&#8221; global_colors_info=&#8221;{}&#8221; custom_padding__hover=&#8221;|||&#8221;][et_pb_contact_form email=&#8221;info@alraune.com&#8221; title=&#8221;contact form&#8221; success_message=&#8221;Successfully sent! We will get back to you as soon as possible.&#8221; _builder_version=&#8221;4.16&#8243; _unique_id=&#8221;a80525e8-af72-4a30-8539-e733d916482f&#8221; form_field_background_color=&#8221;#f3f3f4&#8243; title_font=&#8221;||||||||&#8221; form_field_font=&#8221;Open Sans||||||||&#8221; custom_button=&#8221;on&#8221; button_text_size=&#8221;12px&#8221; button_text_color=&#8221;#ffffff&#8221; button_bg_color=&#8221;#000000&#8243; button_border_width=&#8221;14px&#8221; button_border_color=&#8221;rgba(0,0,0,0)&#8221; button_border_radius=&#8221;0px&#8221; button_letter_spacing=&#8221;3px&#8221; button_font=&#8221;Roboto|700||on|||||&#8221; form_background_color=&#8221;#f9fafc&#8221; global_colors_info=&#8221;{}&#8221; button_text_color__hover=&#8221;#ffffff&#8221; button_text_color__hover_enabled=&#8221;on&#8221; button_bg_color__hover=&#8221;#ff7a6b&#8221;][et_pb_contact_field field_id=&#8221;Name&#8221; field_title=&#8221;Name&#8221; fullwidth_field=&#8221;on&#8221; _builder_version=&#8221;4.16&#8243; global_colors_info=&#8221;{}&#8221; button_text_size__hover_enabled=&#8221;off&#8221; button_one_text_size__hover_enabled=&#8221;off&#8221; button_two_text_size__hover_enabled=&#8221;off&#8221; button_text_color__hover_enabled=&#8221;off&#8221; button_one_text_color__hover_enabled=&#8221;off&#8221; button_two_text_color__hover_enabled=&#8221;off&#8221; button_border_width__hover_enabled=&#8221;off&#8221; button_one_border_width__hover_enabled=&#8221;off&#8221; button_two_border_width__hover_enabled=&#8221;off&#8221; button_border_color__hover_enabled=&#8221;off&#8221; button_one_border_color__hover_enabled=&#8221;off&#8221; button_two_border_color__hover_enabled=&#8221;off&#8221; button_border_radius__hover_enabled=&#8221;off&#8221; button_one_border_radius__hover_enabled=&#8221;off&#8221; button_two_border_radius__hover_enabled=&#8221;off&#8221; button_letter_spacing__hover_enabled=&#8221;off&#8221; button_one_letter_spacing__hover_enabled=&#8221;off&#8221; button_two_letter_spacing__hover_enabled=&#8221;off&#8221; button_bg_color__hover_enabled=&#8221;off&#8221; button_one_bg_color__hover_enabled=&#8221;off&#8221; button_two_bg_color__hover_enabled=&#8221;off&#8221;][\/et_pb_contact_field][et_pb_contact_field field_id=&#8221;Email&#8221; field_title=&#8221;Email&#8221; field_type=&#8221;email&#8221; fullwidth_field=&#8221;on&#8221; _builder_version=&#8221;4.16&#8243; global_colors_info=&#8221;{}&#8221; button_text_size__hover_enabled=&#8221;off&#8221; button_one_text_size__hover_enabled=&#8221;off&#8221; button_two_text_size__hover_enabled=&#8221;off&#8221; button_text_color__hover_enabled=&#8221;off&#8221; button_one_text_color__hover_enabled=&#8221;off&#8221; button_two_text_color__hover_enabled=&#8221;off&#8221; button_border_width__hover_enabled=&#8221;off&#8221; button_one_border_width__hover_enabled=&#8221;off&#8221; button_two_border_width__hover_enabled=&#8221;off&#8221; button_border_color__hover_enabled=&#8221;off&#8221; button_one_border_color__hover_enabled=&#8221;off&#8221; button_two_border_color__hover_enabled=&#8221;off&#8221; button_border_radius__hover_enabled=&#8221;off&#8221; button_one_border_radius__hover_enabled=&#8221;off&#8221; button_two_border_radius__hover_enabled=&#8221;off&#8221; button_letter_spacing__hover_enabled=&#8221;off&#8221; button_one_letter_spacing__hover_enabled=&#8221;off&#8221; button_two_letter_spacing__hover_enabled=&#8221;off&#8221; button_bg_color__hover_enabled=&#8221;off&#8221; button_one_bg_color__hover_enabled=&#8221;off&#8221; button_two_bg_color__hover_enabled=&#8221;off&#8221;][\/et_pb_contact_field][et_pb_contact_field field_id=&#8221;Nachricht&#8221; field_title=&#8221;Message&#8221; field_type=&#8221;text&#8221; fullwidth_field=&#8221;on&#8221; _builder_version=&#8221;4.16&#8243; global_colors_info=&#8221;{}&#8221; button_text_size__hover_enabled=&#8221;off&#8221; button_one_text_size__hover_enabled=&#8221;off&#8221; button_two_text_size__hover_enabled=&#8221;off&#8221; button_text_color__hover_enabled=&#8221;off&#8221; button_one_text_color__hover_enabled=&#8221;off&#8221; button_two_text_color__hover_enabled=&#8221;off&#8221; button_border_width__hover_enabled=&#8221;off&#8221; button_one_border_width__hover_enabled=&#8221;off&#8221; button_two_border_width__hover_enabled=&#8221;off&#8221; button_border_color__hover_enabled=&#8221;off&#8221; button_one_border_color__hover_enabled=&#8221;off&#8221; button_two_border_color__hover_enabled=&#8221;off&#8221; button_border_radius__hover_enabled=&#8221;off&#8221; button_one_border_radius__hover_enabled=&#8221;off&#8221; button_two_border_radius__hover_enabled=&#8221;off&#8221; button_letter_spacing__hover_enabled=&#8221;off&#8221; button_one_letter_spacing__hover_enabled=&#8221;off&#8221; button_two_letter_spacing__hover_enabled=&#8221;off&#8221; button_bg_color__hover_enabled=&#8221;off&#8221; button_one_bg_color__hover_enabled=&#8221;off&#8221; button_two_bg_color__hover_enabled=&#8221;off&#8221;][\/et_pb_contact_field][\/et_pb_contact_form][\/et_pb_column][et_pb_column type=&#8221;1_2&#8243; _builder_version=&#8221;4.16&#8243; custom_padding=&#8221;|||&#8221; global_colors_info=&#8221;{}&#8221; custom_padding__hover=&#8221;|||&#8221;][et_pb_map address=&#8221;Parlerstra\u00dfe 2, 73525 Schw\u00e4bisch Gm\u00fcnd, Deutschland&#8221; address_lat=&#8221;48.7981394&#8243; address_lng=&#8221;9.7927392&#8243; mouse_wheel=&#8221;off&#8221; _builder_version=&#8221;4.16&#8243; filter_saturate=&#8221;0%&#8221; filter_brightness=&#8221;101%&#8221; global_colors_info=&#8221;{}&#8221;][et_pb_map_pin title=&#8221;ALRAUNE LAPIDARIES Edelstein Handels GmbH&#8221; pin_address=&#8221;Parlerstra\u00dfe 2, 73525 Schw\u00e4bisch Gm\u00fcnd, Deutschland&#8221; pin_address_lat=&#8221;48.7981394&#8243; pin_address_lng=&#8221;9.7927392&#8243; _builder_version=&#8221;3.26.5&#8243; global_colors_info=&#8221;{}&#8221;][\/et_pb_map_pin][\/et_pb_map][\/et_pb_column][\/et_pb_row][\/et_pb_section]<\/p>\n","protected":false},"excerpt":{"rendered":"<p>contact usenquiries ALRAUNE LAPIDARIES Edelstein Handels GmbH Parlerstr. 2 73525 Schw\u00e4bisch Gm\u00fcnd \/ Germany Phone +49 (0) 7171-6 10 11 Fax +49 (0) 7171-3 71 20 Email: info@alraune.com Send your questions comfortably by Mail to our specialized personnel.administration Peter Deininger-Grossedeininger@alraune.comDistribution Robertina G\u00f6cmenrobertina@alraune.com Katharina Stephanstephan@alraune.com Christine Kleinc.klein@alraune.com<\/p>\n","protected":false},"author":2,"featured_media":0,"parent":0,"menu_order":8,"comment_status":"closed","ping_status":"closed","template":"","meta":{"_et_pb_use_builder":"on","_et_pb_old_content":"","_et_gb_content_width":"","footnotes":""},"class_list":["post-230","page","type-page","status-publish","hentry"],"yoast_head":"<!-- This site is optimized with the Yoast SEO plugin v27.3 - https:\/\/yoast.com\/product\/yoast-seo-wordpress\/ -->\n<title>contact | Alraune<\/title>\n<meta name=\"robots\" content=\"index, follow, max-snippet:-1, max-image-preview:large, max-video-preview:-1\" \/>\n<link rel=\"canonical\" href=\"https:\/\/alraune.com\/en\/contact\/\" \/>\n<meta property=\"og:locale\" content=\"en_US\" \/>\n<meta property=\"og:type\" content=\"article\" \/>\n<meta property=\"og:title\" content=\"contact | Alraune\" \/>\n<meta property=\"og:description\" content=\"contact usenquiries ALRAUNE LAPIDARIES Edelstein Handels GmbH Parlerstr. 2 73525 Schw\u00e4bisch Gm\u00fcnd \/ Germany Phone +49 (0) 7171-6 10 11 Fax +49 (0) 7171-3 71 20 Email: info@alraune.com Send your questions comfortably by Mail to our specialized personnel.administration Peter Deininger-Grossedeininger@alraune.comDistribution Robertina G\u00f6cmenrobertina@alraune.com Katharina Stephanstephan@alraune.com Christine Kleinc.klein@alraune.com\" \/>\n<meta property=\"og:url\" content=\"https:\/\/alraune.com\/en\/contact\/\" \/>\n<meta property=\"og:site_name\" content=\"Alraune\" \/>\n<meta property=\"article:modified_time\" content=\"2023-04-28T10:58:25+00:00\" \/>\n<meta name=\"twitter:card\" content=\"summary_large_image\" \/>\n<script type=\"application\/ld+json\" class=\"yoast-schema-graph\">{\"@context\":\"https:\\\/\\\/schema.org\",\"@graph\":[{\"@type\":\"WebPage\",\"@id\":\"https:\\\/\\\/alraune.com\\\/en\\\/contact\\\/\",\"url\":\"https:\\\/\\\/alraune.com\\\/en\\\/contact\\\/\",\"name\":\"contact | Alraune\",\"isPartOf\":{\"@id\":\"https:\\\/\\\/alraune.com\\\/en\\\/#website\"},\"datePublished\":\"2019-07-30T12:05:06+00:00\",\"dateModified\":\"2023-04-28T10:58:25+00:00\",\"breadcrumb\":{\"@id\":\"https:\\\/\\\/alraune.com\\\/en\\\/contact\\\/#breadcrumb\"},\"inLanguage\":\"en-US\",\"potentialAction\":[{\"@type\":\"ReadAction\",\"target\":[\"https:\\\/\\\/alraune.com\\\/en\\\/contact\\\/\"]}]},{\"@type\":\"BreadcrumbList\",\"@id\":\"https:\\\/\\\/alraune.com\\\/en\\\/contact\\\/#breadcrumb\",\"itemListElement\":[{\"@type\":\"ListItem\",\"position\":1,\"name\":\"Startseite\",\"item\":\"https:\\\/\\\/alraune.com\\\/en\\\/\"},{\"@type\":\"ListItem\",\"position\":2,\"name\":\"contact\"}]},{\"@type\":\"WebSite\",\"@id\":\"https:\\\/\\\/alraune.com\\\/en\\\/#website\",\"url\":\"https:\\\/\\\/alraune.com\\\/en\\\/\",\"name\":\"ALRAUNE Lapidaries\",\"description\":\"JEWELLERY | LAPIDARIES | LIFESTYLE\",\"publisher\":{\"@id\":\"https:\\\/\\\/alraune.com\\\/en\\\/#organization\"},\"potentialAction\":[{\"@type\":\"SearchAction\",\"target\":{\"@type\":\"EntryPoint\",\"urlTemplate\":\"https:\\\/\\\/alraune.com\\\/en\\\/?s={search_term_string}\"},\"query-input\":{\"@type\":\"PropertyValueSpecification\",\"valueRequired\":true,\"valueName\":\"search_term_string\"}}],\"inLanguage\":\"en-US\"},{\"@type\":\"Organization\",\"@id\":\"https:\\\/\\\/alraune.com\\\/en\\\/#organization\",\"name\":\"ALRAUNE JEWELLERY | LAPIDARIES | LIFESTYLE\",\"url\":\"https:\\\/\\\/alraune.com\\\/en\\\/\",\"logo\":{\"@type\":\"ImageObject\",\"inLanguage\":\"en-US\",\"@id\":\"https:\\\/\\\/alraune.com\\\/en\\\/#\\\/schema\\\/logo\\\/image\\\/\",\"url\":\"https:\\\/\\\/alraune.com\\\/wp-content\\\/uploads\\\/2019\\\/07\\\/Alraune_Lifestyle_Logo_02.jpg\",\"contentUrl\":\"https:\\\/\\\/alraune.com\\\/wp-content\\\/uploads\\\/2019\\\/07\\\/Alraune_Lifestyle_Logo_02.jpg\",\"width\":900,\"height\":393,\"caption\":\"ALRAUNE JEWELLERY | LAPIDARIES | LIFESTYLE\"},\"image\":{\"@id\":\"https:\\\/\\\/alraune.com\\\/en\\\/#\\\/schema\\\/logo\\\/image\\\/\"}}]}<\/script>\n<!-- \/ Yoast SEO plugin. -->","yoast_head_json":{"title":"contact | Alraune","robots":{"index":"index","follow":"follow","max-snippet":"max-snippet:-1","max-image-preview":"max-image-preview:large","max-video-preview":"max-video-preview:-1"},"canonical":"https:\/\/alraune.com\/en\/contact\/","og_locale":"en_US","og_type":"article","og_title":"contact | Alraune","og_description":"contact usenquiries ALRAUNE LAPIDARIES Edelstein Handels GmbH Parlerstr. 2 73525 Schw\u00e4bisch Gm\u00fcnd \/ Germany Phone +49 (0) 7171-6 10 11 Fax +49 (0) 7171-3 71 20 Email: info@alraune.com Send your questions comfortably by Mail to our specialized personnel.administration Peter Deininger-Grossedeininger@alraune.comDistribution Robertina G\u00f6cmenrobertina@alraune.com Katharina Stephanstephan@alraune.com Christine Kleinc.klein@alraune.com","og_url":"https:\/\/alraune.com\/en\/contact\/","og_site_name":"Alraune","article_modified_time":"2023-04-28T10:58:25+00:00","twitter_card":"summary_large_image","schema":{"@context":"https:\/\/schema.org","@graph":[{"@type":"WebPage","@id":"https:\/\/alraune.com\/en\/contact\/","url":"https:\/\/alraune.com\/en\/contact\/","name":"contact | Alraune","isPartOf":{"@id":"https:\/\/alraune.com\/en\/#website"},"datePublished":"2019-07-30T12:05:06+00:00","dateModified":"2023-04-28T10:58:25+00:00","breadcrumb":{"@id":"https:\/\/alraune.com\/en\/contact\/#breadcrumb"},"inLanguage":"en-US","potentialAction":[{"@type":"ReadAction","target":["https:\/\/alraune.com\/en\/contact\/"]}]},{"@type":"BreadcrumbList","@id":"https:\/\/alraune.com\/en\/contact\/#breadcrumb","itemListElement":[{"@type":"ListItem","position":1,"name":"Startseite","item":"https:\/\/alraune.com\/en\/"},{"@type":"ListItem","position":2,"name":"contact"}]},{"@type":"WebSite","@id":"https:\/\/alraune.com\/en\/#website","url":"https:\/\/alraune.com\/en\/","name":"ALRAUNE Lapidaries","description":"JEWELLERY | LAPIDARIES | LIFESTYLE","publisher":{"@id":"https:\/\/alraune.com\/en\/#organization"},"potentialAction":[{"@type":"SearchAction","target":{"@type":"EntryPoint","urlTemplate":"https:\/\/alraune.com\/en\/?s={search_term_string}"},"query-input":{"@type":"PropertyValueSpecification","valueRequired":true,"valueName":"search_term_string"}}],"inLanguage":"en-US"},{"@type":"Organization","@id":"https:\/\/alraune.com\/en\/#organization","name":"ALRAUNE JEWELLERY | LAPIDARIES | LIFESTYLE","url":"https:\/\/alraune.com\/en\/","logo":{"@type":"ImageObject","inLanguage":"en-US","@id":"https:\/\/alraune.com\/en\/#\/schema\/logo\/image\/","url":"https:\/\/alraune.com\/wp-content\/uploads\/2019\/07\/Alraune_Lifestyle_Logo_02.jpg","contentUrl":"https:\/\/alraune.com\/wp-content\/uploads\/2019\/07\/Alraune_Lifestyle_Logo_02.jpg","width":900,"height":393,"caption":"ALRAUNE JEWELLERY | LAPIDARIES | LIFESTYLE"},"image":{"@id":"https:\/\/alraune.com\/en\/#\/schema\/logo\/image\/"}}]}},"_links":{"self":[{"href":"https:\/\/alraune.com\/en\/wp-json\/wp\/v2\/pages\/230","targetHints":{"allow":["GET"]}}],"collection":[{"href":"https:\/\/alraune.com\/en\/wp-json\/wp\/v2\/pages"}],"about":[{"href":"https:\/\/alraune.com\/en\/wp-json\/wp\/v2\/types\/page"}],"author":[{"embeddable":true,"href":"https:\/\/alraune.com\/en\/wp-json\/wp\/v2\/users\/2"}],"replies":[{"embeddable":true,"href":"https:\/\/alraune.com\/en\/wp-json\/wp\/v2\/comments?post=230"}],"version-history":[{"count":4,"href":"https:\/\/alraune.com\/en\/wp-json\/wp\/v2\/pages\/230\/revisions"}],"predecessor-version":[{"id":579,"href":"https:\/\/alraune.com\/en\/wp-json\/wp\/v2\/pages\/230\/revisions\/579"}],"wp:attachment":[{"href":"https:\/\/alraune.com\/en\/wp-json\/wp\/v2\/media?parent=230"}],"curies":[{"name":"wp","href":"https:\/\/api.w.org\/{rel}","templated":true}]}}